{"id":2,"date":"2024-04-12T10:23:49","date_gmt":"2024-04-12T10:23:49","guid":{"rendered":"https:\/\/schaal-ht.de\/?page_id=2"},"modified":"2024-07-05T12:33:12","modified_gmt":"2024-07-05T12:33:12","slug":"sample-page","status":"publish","type":"page","link":"https:\/\/schaal-ht.de\/index.php\/sample-page\/","title":{"rendered":"Sample Page"},"content":{"rendered":"\t\t<div data-elementor-type=\"wp-page\" data-elementor-id=\"2\" class=\"elementor elementor-2\" data-elementor-post-type=\"page\">\n\t\t\t\t<div class=\"elementor-element elementor-element-9d9ba6c e-flex e-con-boxed e-con e-parent\" data-id=\"9d9ba6c\" data-element_type=\"container\">\n\t\t\t\t\t<div class=\"e-con-inner\">\n\t\t\t\t<div class=\"elementor-element elementor-element-cd79fb2 elementor-widget elementor-widget-image\" data-id=\"cd79fb2\" data-element_type=\"widget\" data-widget_type=\"image.default\">\n\t\t\t\t<div class=\"elementor-widget-container\">\n\t\t\t<style>\/*! elementor - v3.22.0 - 17-06-2024 *\/\n.elementor-widget-image{text-align:center}.elementor-widget-image a{display:inline-block}.elementor-widget-image a img[src$=\".svg\"]{width:48px}.elementor-widget-image img{vertical-align:middle;display:inline-block}<\/style>\t\t\t\t\t\t\t\t\t\t<img fetchpriority=\"high\" decoding=\"async\" width=\"768\" height=\"263\" src=\"https:\/\/schaal-ht.de\/wp-content\/uploads\/2024\/04\/Schaal_Logo-768x263.png\" class=\"attachment-medium_large size-medium_large wp-image-6\" alt=\"\" srcset=\"https:\/\/schaal-ht.de\/wp-content\/uploads\/2024\/04\/Schaal_Logo-768x263.png 768w, https:\/\/schaal-ht.de\/wp-content\/uploads\/2024\/04\/Schaal_Logo-300x103.png 300w, https:\/\/schaal-ht.de\/wp-content\/uploads\/2024\/04\/Schaal_Logo-1024x350.png 1024w, https:\/\/schaal-ht.de\/wp-content\/uploads\/2024\/04\/Schaal_Logo-1536x525.png 1536w, https:\/\/schaal-ht.de\/wp-content\/uploads\/2024\/04\/Schaal_Logo-2048x700.png 2048w\" sizes=\"(max-width: 768px) 100vw, 768px\" \/>\t\t\t\t\t\t\t\t\t\t\t\t\t<\/div>\n\t\t\t\t<\/div>\n\t\t\t\t<div class=\"elementor-element elementor-element-321db21 elementor-widget elementor-widget-heading\" data-id=\"321db21\" data-element_type=\"widget\" data-widget_type=\"heading.default\">\n\t\t\t\t<div class=\"elementor-widget-container\">\n\t\t\t<style>\/*! elementor - v3.22.0 - 17-06-2024 *\/\n.elementor-heading-title{padding:0;margin:0;line-height:1}.elementor-widget-heading .elementor-heading-title[class*=elementor-size-]>a{color:inherit;font-size:inherit;line-height:inherit}.elementor-widget-heading .elementor-heading-title.elementor-size-small{font-size:15px}.elementor-widget-heading .elementor-heading-title.elementor-size-medium{font-size:19px}.elementor-widget-heading .elementor-heading-title.elementor-size-large{font-size:29px}.elementor-widget-heading .elementor-heading-title.elementor-size-xl{font-size:39px}.elementor-widget-heading .elementor-heading-title.elementor-size-xxl{font-size:59px}<\/style><h2 class=\"elementor-heading-title elementor-size-default\">Unsere aktuelle Webseite wird momentan f\u00fcr Sie \u00fcberarbeitet<\/h2>\t\t<\/div>\n\t\t\t\t<\/div>\n\t\t\t\t\t<\/div>\n\t\t\t\t<\/div>\n\t\t<div class=\"elementor-element elementor-element-97787de e-flex e-con-boxed e-con e-parent\" data-id=\"97787de\" data-element_type=\"container\">\n\t\t\t\t\t<div class=\"e-con-inner\">\n\t\t\t\t<div class=\"elementor-element elementor-element-b813d55 elementor-widget elementor-widget-text-editor\" data-id=\"b813d55\" data-element_type=\"widget\" data-widget_type=\"text-editor.default\">\n\t\t\t\t<div class=\"elementor-widget-container\">\n\t\t\t<style>\/*! elementor - v3.22.0 - 17-06-2024 *\/\n.elementor-widget-text-editor.elementor-drop-cap-view-stacked .elementor-drop-cap{background-color:#69727d;color:#fff}.elementor-widget-text-editor.elementor-drop-cap-view-framed .elementor-drop-cap{color:#69727d;border:3px solid;background-color:transparent}.elementor-widget-text-editor:not(.elementor-drop-cap-view-default) .elementor-drop-cap{margin-top:8px}.elementor-widget-text-editor:not(.elementor-drop-cap-view-default) .elementor-drop-cap-letter{width:1em;height:1em}.elementor-widget-text-editor .elementor-drop-cap{float:left;text-align:center;line-height:1;font-size:50px}.elementor-widget-text-editor .elementor-drop-cap-letter{display:inline-block}<\/style>\t\t\t\t<p><strong><span style=\"color: #000000;\">Schaal GmbH Haustechnik<\/span><\/strong><br \/><strong><span style=\"color: #000000;\">Scheveninger Str. 15<\/span><\/strong><br \/><strong><span style=\"color: #000000;\">12359 Berlin<\/span><\/strong><br \/><strong><span style=\"color: #000000;\">Telefon : +49 (0)30 60 00 06 &#8211; 0<\/span><\/strong><br \/><strong><span style=\"color: #000000;\">Fax : +49 (0)30 60 00 06 &#8211; 20<\/span><\/strong><br \/><strong><span style=\"color: #000000;\">Email: mail@schaal-ht.de<\/span><\/strong><br \/><strong><span style=\"color: #000000;\">Web: http:\/\/www.schaal-ht.de<\/span><\/strong><\/p>\t\t\t\t\t\t<\/div>\n\t\t\t\t<\/div>\n\t\t\t\t\t<\/div>\n\t\t\t\t<\/div>\n\t\t\t\t<\/div>\n\t\t","protected":false},"excerpt":{"rendered":"<p>Unsere aktuelle Webseite wird momentan f\u00fcr Sie \u00fcberarbeitet Schaal GmbH HaustechnikScheveninger Str. 1512359 BerlinTelefon : +49 (0)30 60 00 06 [&hellip;]<\/p>\n","protected":false},"author":1,"featured_media":0,"parent":0,"menu_order":0,"comment_status":"closed","ping_status":"open","template":"elementor_canvas","meta":{"_uag_custom_page_level_css":"","site-sidebar-layout":"default","site-content-layout":"","ast-site-content-layout":"","site-content-style":"default","site-sidebar-style":"default","ast-global-header-display":"","ast-banner-title-visibility":"","ast-main-header-display":"","ast-hfb-above-header-display":"","ast-hfb-below-header-display":"","ast-hfb-mobile-header-display":"","site-post-title":"","ast-breadcrumbs-content":"","ast-featured-img":"","footer-sml-layout":"","theme-transparent-header-meta":"","adv-header-id-meta":"","stick-header-meta":"","header-above-stick-meta":"","header-main-stick-meta":"","header-below-stick-meta":"","astra-migrate-meta-layouts":"default","ast-page-background-enabled":"default","ast-page-background-meta":{"desktop":{"background-color":"var(--ast-global-color-4)","background-image":"","background-repeat":"repeat","background-position":"center center","background-size":"auto","background-attachment":"scroll","background-type":"","background-media":"","overlay-type":"","overlay-color":"","overlay-opacity":"","overlay-gradient":""},"tablet":{"background-color":"","background-image":"","background-repeat":"repeat","background-position":"center center","background-size":"auto","background-attachment":"scroll","background-type":"","background-media":"","overlay-type":"","overlay-color":"","overlay-opacity":"","overlay-gradient":""},"mobile":{"background-color":"","background-image":"","background-repeat":"repeat","background-position":"center center","background-size":"auto","background-attachment":"scroll","background-type":"","background-media":"","overlay-type":"","overlay-color":"","overlay-opacity":"","overlay-gradient":""}},"ast-content-background-meta":{"desktop":{"background-color":"var(--ast-global-color-5)","background-image":"","background-repeat":"repeat","background-position":"center center","background-size":"auto","background-attachment":"scroll","background-type":"","background-media":"","overlay-type":"","overlay-color":"","overlay-opacity":"","overlay-gradient":""},"tablet":{"background-color":"var(--ast-global-color-5)","background-image":"","background-repeat":"repeat","background-position":"center center","background-size":"auto","background-attachment":"scroll","background-type":"","background-media":"","overlay-type":"","overlay-color":"","overlay-opacity":"","overlay-gradient":""},"mobile":{"background-color":"var(--ast-global-color-5)","background-image":"","background-repeat":"repeat","background-position":"center center","background-size":"auto","background-attachment":"scroll","background-type":"","background-media":"","overlay-type":"","overlay-color":"","overlay-opacity":"","overlay-gradient":""}},"footnotes":""},"yoast_head":"<!-- This site is optimized with the Yoast SEO plugin v23.4 - https:\/\/yoast.com\/wordpress\/plugins\/seo\/ -->\n<title>Sample Page - Schaal GmbH Haustechnik - Heizung | Sanit\u00e4r | Tiefbau in Berlin<\/title>\n<meta name=\"robots\" content=\"index, follow, max-snippet:-1, max-image-preview:large, max-video-preview:-1\" \/>\n<link rel=\"canonical\" href=\"https:\/\/schaal-ht.de\/index.php\/sample-page\/\" \/>\n<meta property=\"og:locale\" content=\"de_DE\" \/>\n<meta property=\"og:type\" content=\"article\" \/>\n<meta property=\"og:title\" content=\"Sample Page - Schaal GmbH Haustechnik - Heizung | Sanit\u00e4r | Tiefbau in Berlin\" \/>\n<meta property=\"og:description\" content=\"Unsere aktuelle Webseite wird momentan f\u00fcr Sie \u00fcberarbeitet Schaal GmbH HaustechnikScheveninger Str. 1512359 BerlinTelefon : +49 (0)30 60 00 06 [&hellip;]\" \/>\n<meta property=\"og:url\" content=\"https:\/\/schaal-ht.de\/index.php\/sample-page\/\" \/>\n<meta property=\"og:site_name\" content=\"Schaal GmbH Haustechnik - Heizung | Sanit\u00e4r | Tiefbau in Berlin\" \/>\n<meta property=\"article:modified_time\" content=\"2024-07-05T12:33:12+00:00\" \/>\n<meta property=\"og:image\" content=\"https:\/\/schaal-ht.de\/wp-content\/uploads\/2024\/04\/Schaal_Logo-768x263.png\" \/>\n<meta name=\"twitter:card\" content=\"summary_large_image\" \/>\n<script type=\"application\/ld+json\" class=\"yoast-schema-graph\">{\"@context\":\"https:\/\/schema.org\",\"@graph\":[{\"@type\":\"WebPage\",\"@id\":\"https:\/\/schaal-ht.de\/index.php\/sample-page\/\",\"url\":\"https:\/\/schaal-ht.de\/index.php\/sample-page\/\",\"name\":\"Sample Page - Schaal GmbH Haustechnik - Heizung | Sanit\u00e4r | Tiefbau in Berlin\",\"isPartOf\":{\"@id\":\"https:\/\/schaal-ht.de\/#website\"},\"primaryImageOfPage\":{\"@id\":\"https:\/\/schaal-ht.de\/index.php\/sample-page\/#primaryimage\"},\"image\":{\"@id\":\"https:\/\/schaal-ht.de\/index.php\/sample-page\/#primaryimage\"},\"thumbnailUrl\":\"https:\/\/schaal-ht.de\/wp-content\/uploads\/2024\/04\/Schaal_Logo-768x263.png\",\"datePublished\":\"2024-04-12T10:23:49+00:00\",\"dateModified\":\"2024-07-05T12:33:12+00:00\",\"breadcrumb\":{\"@id\":\"https:\/\/schaal-ht.de\/index.php\/sample-page\/#breadcrumb\"},\"inLanguage\":\"de\",\"potentialAction\":[{\"@type\":\"ReadAction\",\"target\":[\"https:\/\/schaal-ht.de\/index.php\/sample-page\/\"]}]},{\"@type\":\"ImageObject\",\"inLanguage\":\"de\",\"@id\":\"https:\/\/schaal-ht.de\/index.php\/sample-page\/#primaryimage\",\"url\":\"https:\/\/schaal-ht.de\/wp-content\/uploads\/2024\/04\/Schaal_Logo.png\",\"contentUrl\":\"https:\/\/schaal-ht.de\/wp-content\/uploads\/2024\/04\/Schaal_Logo.png\",\"width\":4883,\"height\":1670},{\"@type\":\"BreadcrumbList\",\"@id\":\"https:\/\/schaal-ht.de\/index.php\/sample-page\/#breadcrumb\",\"itemListElement\":[{\"@type\":\"ListItem\",\"position\":1,\"name\":\"Startseite\",\"item\":\"https:\/\/schaal-ht.de\/\"},{\"@type\":\"ListItem\",\"position\":2,\"name\":\"Sample Page\"}]},{\"@type\":\"WebSite\",\"@id\":\"https:\/\/schaal-ht.de\/#website\",\"url\":\"https:\/\/schaal-ht.de\/\",\"name\":\"Schaal GmbH Haustechnik - Heizung | Sanit\u00e4r | Tiefbau in Berlin\",\"description\":\"\",\"potentialAction\":[{\"@type\":\"SearchAction\",\"target\":{\"@type\":\"EntryPoint\",\"urlTemplate\":\"https:\/\/schaal-ht.de\/?s={search_term_string}\"},\"query-input\":{\"@type\":\"PropertyValueSpecification\",\"valueRequired\":true,\"valueName\":\"search_term_string\"}}],\"inLanguage\":\"de\"}]}<\/script>\n<!-- \/ Yoast SEO plugin. -->","yoast_head_json":{"title":"Sample Page - Schaal GmbH Haustechnik - Heizung | Sanit\u00e4r | Tiefbau in Berlin","robots":{"index":"index","follow":"follow","max-snippet":"max-snippet:-1","max-image-preview":"max-image-preview:large","max-video-preview":"max-video-preview:-1"},"canonical":"https:\/\/schaal-ht.de\/index.php\/sample-page\/","og_locale":"de_DE","og_type":"article","og_title":"Sample Page - Schaal GmbH Haustechnik - Heizung | Sanit\u00e4r | Tiefbau in Berlin","og_description":"Unsere aktuelle Webseite wird momentan f\u00fcr Sie \u00fcberarbeitet Schaal GmbH HaustechnikScheveninger Str. 1512359 BerlinTelefon : +49 (0)30 60 00 06 [&hellip;]","og_url":"https:\/\/schaal-ht.de\/index.php\/sample-page\/","og_site_name":"Schaal GmbH Haustechnik - Heizung | Sanit\u00e4r | Tiefbau in Berlin","article_modified_time":"2024-07-05T12:33:12+00:00","og_image":[{"url":"https:\/\/schaal-ht.de\/wp-content\/uploads\/2024\/04\/Schaal_Logo-768x263.png"}],"twitter_card":"summary_large_image","schema":{"@context":"https:\/\/schema.org","@graph":[{"@type":"WebPage","@id":"https:\/\/schaal-ht.de\/index.php\/sample-page\/","url":"https:\/\/schaal-ht.de\/index.php\/sample-page\/","name":"Sample Page - Schaal GmbH Haustechnik - Heizung | Sanit\u00e4r | Tiefbau in Berlin","isPartOf":{"@id":"https:\/\/schaal-ht.de\/#website"},"primaryImageOfPage":{"@id":"https:\/\/schaal-ht.de\/index.php\/sample-page\/#primaryimage"},"image":{"@id":"https:\/\/schaal-ht.de\/index.php\/sample-page\/#primaryimage"},"thumbnailUrl":"https:\/\/schaal-ht.de\/wp-content\/uploads\/2024\/04\/Schaal_Logo-768x263.png","datePublished":"2024-04-12T10:23:49+00:00","dateModified":"2024-07-05T12:33:12+00:00","breadcrumb":{"@id":"https:\/\/schaal-ht.de\/index.php\/sample-page\/#breadcrumb"},"inLanguage":"de","potentialAction":[{"@type":"ReadAction","target":["https:\/\/schaal-ht.de\/index.php\/sample-page\/"]}]},{"@type":"ImageObject","inLanguage":"de","@id":"https:\/\/schaal-ht.de\/index.php\/sample-page\/#primaryimage","url":"https:\/\/schaal-ht.de\/wp-content\/uploads\/2024\/04\/Schaal_Logo.png","contentUrl":"https:\/\/schaal-ht.de\/wp-content\/uploads\/2024\/04\/Schaal_Logo.png","width":4883,"height":1670},{"@type":"BreadcrumbList","@id":"https:\/\/schaal-ht.de\/index.php\/sample-page\/#breadcrumb","itemListElement":[{"@type":"ListItem","position":1,"name":"Startseite","item":"https:\/\/schaal-ht.de\/"},{"@type":"ListItem","position":2,"name":"Sample Page"}]},{"@type":"WebSite","@id":"https:\/\/schaal-ht.de\/#website","url":"https:\/\/schaal-ht.de\/","name":"Schaal GmbH Haustechnik - Heizung | Sanit\u00e4r | Tiefbau in Berlin","description":"","potentialAction":[{"@type":"SearchAction","target":{"@type":"EntryPoint","urlTemplate":"https:\/\/schaal-ht.de\/?s={search_term_string}"},"query-input":{"@type":"PropertyValueSpecification","valueRequired":true,"valueName":"search_term_string"}}],"inLanguage":"de"}]}},"uagb_featured_image_src":{"full":false,"thumbnail":false,"medium":false,"medium_large":false,"large":false,"1536x1536":false,"2048x2048":false},"uagb_author_info":{"display_name":"admin","author_link":"https:\/\/schaal-ht.de\/index.php\/author\/hensch\/"},"uagb_comment_info":0,"uagb_excerpt":"Unsere aktuelle Webseite wird momentan f\u00fcr Sie \u00fcberarbeitet Schaal GmbH HaustechnikScheveninger Str. 1512359 BerlinTelefon : +49 (0)30 60 00 06 [&hellip;]","_links":{"self":[{"href":"https:\/\/schaal-ht.de\/index.php\/wp-json\/wp\/v2\/pages\/2"}],"collection":[{"href":"https:\/\/schaal-ht.de\/index.php\/wp-json\/wp\/v2\/pages"}],"about":[{"href":"https:\/\/schaal-ht.de\/index.php\/wp-json\/wp\/v2\/types\/page"}],"author":[{"embeddable":true,"href":"https:\/\/schaal-ht.de\/index.php\/wp-json\/wp\/v2\/users\/1"}],"replies":[{"embeddable":true,"href":"https:\/\/schaal-ht.de\/index.php\/wp-json\/wp\/v2\/comments?post=2"}],"version-history":[{"count":6,"href":"https:\/\/schaal-ht.de\/index.php\/wp-json\/wp\/v2\/pages\/2\/revisions"}],"predecessor-version":[{"id":670,"href":"https:\/\/schaal-ht.de\/index.php\/wp-json\/wp\/v2\/pages\/2\/revisions\/670"}],"wp:attachment":[{"href":"https:\/\/schaal-ht.de\/index.php\/wp-json\/wp\/v2\/media?parent=2"}],"curies":[{"name":"wp","href":"https:\/\/api.w.org\/{rel}","templated":true}]}}